{"id":1561,"date":"2024-11-06T08:57:33","date_gmt":"2024-11-06T08:57:33","guid":{"rendered":"http:\/\/faculty.jncasr.ac.in\/kanishka\/?page_id=1561"},"modified":"2024-11-19T05:45:09","modified_gmt":"2024-11-19T05:45:09","slug":"year-2017","status":"publish","type":"page","link":"https:\/\/faculty.jncasr.ac.in\/kanishka\/year-2017\/","title":{"rendered":"Year 2017"},"content":{"rendered":"\t\t<div data-elementor-type=\"wp-page\" data-elementor-id=\"1561\" class=\"elementor elementor-1561\" data-elementor-post-type=\"page\">\n\t\t\t\t<div class=\"elementor-element elementor-element-f3c3ab9 e-con-full e-flex e-con e-parent\" data-id=\"f3c3ab9\" data-element_type=\"container\" data-settings=\"{&quot;background_background&quot;:&quot;classic&quot;}\">\n\t\t<div class=\"elementor-element elementor-element-18f6bd7 e-con-full e-flex e-con e-child\" data-id=\"18f6bd7\" data-element_type=\"container\">\n\t\t\t\t<div class=\"elementor-element elementor-element-60f83f1 elementor--h-position-center elementor--v-position-middle elementor-arrows-position-inside elementor-widget elementor-widget-slides\" data-id=\"60f83f1\" data-element_type=\"widget\" data-settings=\"{&quot;navigation&quot;:&quot;arrows&quot;,&quot;transition&quot;:&quot;fade&quot;,&quot;transition_speed&quot;:2000,&quot;autoplay_speed&quot;:3000,&quot;autoplay&quot;:&quot;yes&quot;,&quot;pause_on_hover&quot;:&quot;yes&quot;,&quot;pause_on_interaction&quot;:&quot;yes&quot;,&quot;infinite&quot;:&quot;yes&quot;}\" data-widget_type=\"slides.default\">\n\t\t\t\t<div class=\"elementor-widget-container\">\n\t\t\t\t\t<div class=\"elementor-swiper\">\n\t\t\t<div class=\"elementor-slides-wrapper elementor-main-swiper swiper\" dir=\"ltr\" data-animation=\"fadeInUp\">\n\t\t\t\t<div class=\"swiper-wrapper elementor-slides\">\n\t\t\t\t\t\t\t\t\t\t<div class=\"elementor-repeater-item-7510466 swiper-slide\"><div class=\"swiper-slide-bg\" role=\"img\"><\/div><div class=\"swiper-slide-inner\" ><div class=\"swiper-slide-contents\"><\/div><\/div><\/div><div class=\"elementor-repeater-item-c8ba0cf swiper-slide\"><div class=\"swiper-slide-bg\" role=\"img\"><\/div><div class=\"swiper-slide-inner\" ><div class=\"swiper-slide-contents\"><\/div><\/div><\/div><div class=\"elementor-repeater-item-086e633 swiper-slide\"><div class=\"swiper-slide-bg\" role=\"img\"><\/div><div class=\"swiper-slide-inner\" ><div class=\"swiper-slide-contents\"><\/div><\/div><\/div><div class=\"elementor-repeater-item-4d49303 swiper-slide\"><div class=\"swiper-slide-bg\" role=\"img\"><\/div><div class=\"swiper-slide-inner\" ><div class=\"swiper-slide-contents\"><\/div><\/div><\/div><div class=\"elementor-repeater-item-0fcd306 swiper-slide\"><div class=\"swiper-slide-bg\" role=\"img\"><\/div><div class=\"swiper-slide-inner\" ><div class=\"swiper-slide-contents\"><\/div><\/div><\/div><div class=\"elementor-repeater-item-9700136 swiper-slide\"><div class=\"swiper-slide-bg\" role=\"img\"><\/div><div class=\"swiper-slide-inner\" ><div class=\"swiper-slide-contents\"><\/div><\/div><\/div><div class=\"elementor-repeater-item-9bc9694 swiper-slide\"><div class=\"swiper-slide-bg\" role=\"img\"><\/div><div class=\"swiper-slide-inner\" ><div class=\"swiper-slide-contents\"><\/div><\/div><\/div><div class=\"elementor-repeater-item-fb52d77 swiper-slide\"><div class=\"swiper-slide-bg\" role=\"img\"><\/div><div class=\"swiper-slide-inner\" ><div class=\"swiper-slide-contents\"><\/div><\/div><\/div>\t\t\t\t<\/div>\n\t\t\t\t\t\t\t\t\t\t\t\t\t\t\t\t\t\t\t\t<div class=\"elementor-swiper-button elementor-swiper-button-prev\" role=\"button\" tabindex=\"0\">\n\t\t\t\t\t\t\t<svg aria-hidden=\"true\" class=\"e-font-icon-svg e-eicon-chevron-left\" viewBox=\"0 0 1000 1000\" xmlns=\"http:\/\/www.w3.org\/2000\/svg\"><path d=\"M646 125C629 125 613 133 604 142L308 442C296 454 292 471 292 487 292 504 296 521 308 533L604 854C617 867 629 875 646 875 663 875 679 871 692 858 704 846 713 829 713 812 713 796 708 779 692 767L438 487 692 225C700 217 708 204 708 187 708 171 704 154 692 142 675 129 663 125 646 125Z\"><\/path><\/svg>\t\t\t\t\t\t\t<span class=\"elementor-screen-only\">Previous slide<\/span>\n\t\t\t\t\t\t<\/div>\n\t\t\t\t\t\t<div class=\"elementor-swiper-button elementor-swiper-button-next\" role=\"button\" tabindex=\"0\">\n\t\t\t\t\t\t\t<svg aria-hidden=\"true\" class=\"e-font-icon-svg e-eicon-chevron-right\" viewBox=\"0 0 1000 1000\" xmlns=\"http:\/\/www.w3.org\/2000\/svg\"><path d=\"M696 533C708 521 713 504 713 487 713 471 708 454 696 446L400 146C388 133 375 125 354 125 338 125 325 129 313 142 300 154 292 171 292 187 292 204 296 221 308 233L563 492 304 771C292 783 288 800 288 817 288 833 296 850 308 863 321 871 338 875 354 875 371 875 388 867 400 854L696 533Z\"><\/path><\/svg>\t\t\t\t\t\t\t<span class=\"elementor-screen-only\">Next slide<\/span>\n\t\t\t\t\t\t<\/div>\n\t\t\t\t\t\t\t\t\t\t\t\t<\/div>\n\t\t<\/div>\n\t\t\t\t<\/div>\n\t\t\t\t<\/div>\n\t\t\t\t<\/div>\n\t\t\t\t<\/div>\n\t\t<div class=\"elementor-element elementor-element-1d3106a e-flex e-con-boxed e-con e-parent\" data-id=\"1d3106a\" data-element_type=\"container\">\n\t\t\t\t\t<div class=\"e-con-inner\">\n\t\t<div class=\"elementor-element elementor-element-8437fe0 e-con-full e-flex e-con e-child\" data-id=\"8437fe0\" data-element_type=\"container\" data-settings=\"{&quot;background_background&quot;:&quot;classic&quot;}\">\n\t\t\t\t<div class=\"elementor-element elementor-element-adb82f6 elementor-widget elementor-widget-heading\" data-id=\"adb82f6\" data-element_type=\"widget\" data-widget_type=\"heading.default\">\n\t\t\t\t<div class=\"elementor-widget-container\">\n\t\t\t<h2 class=\"elementor-heading-title elementor-size-default\">Year 2017<\/h2>\t\t<\/div>\n\t\t\t\t<\/div>\n\t\t\t\t<div class=\"elementor-element elementor-element-0e22064 elementor-widget-divider--view-line elementor-widget elementor-widget-divider\" data-id=\"0e22064\" data-element_type=\"widget\" data-widget_type=\"divider.default\">\n\t\t\t\t<div class=\"elementor-widget-container\">\n\t\t\t\t\t<div class=\"elementor-divider\">\n\t\t\t<span class=\"elementor-divider-separator\">\n\t\t\t\t\t\t<\/span>\n\t\t<\/div>\n\t\t\t\t<\/div>\n\t\t\t\t<\/div>\n\t\t\t\t<div class=\"elementor-element elementor-element-2ceed71 elementor-widget elementor-widget-text-editor\" data-id=\"2ceed71\" data-element_type=\"widget\" data-widget_type=\"text-editor.default\">\n\t\t\t\t<div class=\"elementor-widget-container\">\n\t\t\t\t\t\t\t<ol>\n<li>Suresh Perumal, Pavithra Bellare, U Sandhya Shenoy, Umesh V Waghmare, Kanishka Biswas, Low Thermal Conductivity and High Thermoelectric Performance in Sb and Bi co-doped GeTe: Complementary Effect of Band Convergence and Nanostructuring, <span style=\"color: #008000;\"><em>Chem. Mater.<\/em><\/span>, 2017, 29, 10426-10435.<\/li><br>\n<li>Ananya Banik, Kanishka Biswas, Synthetic Nanosheets of Natural van der Waals Heterostructures, <span style=\"color: #008000;\"><em>Angew. Chem. Int. Ed.<\/em><\/span>, 2017, 56, 14561-14566.<\/li><br>\n<li>Ekashmi Rathore, Provas Pal, Kanishka Biswas, Reversible and efficient sequestration of Cs from water by layered metal thiophosphate, K<sub>0.48<\/sub>Mn<sub>0.76<\/sub>PS<sub>3<\/sub>\u00b7H<sub>2<\/sub>O, <span style=\"color: #008000;\"><em>Chem. Eur. J<\/em><\/span>, 2017, 23, 11085\u201311092.<\/li><br>\n<li>Manisha Samanta, Kanishka Biswas, Low Thermal Conductivity and High Thermoelectric Performance in (GeTe)<sub>1\u20132x<\/sub>(GeSe)<sub>x<\/sub>(GeS)<sub>x<\/sub>: Competition between Solid Solution and Phase Separation, <span style=\"color: #008000;\"><em>J. Am. Chem. Soc.<\/em><\/span>, 2017, 139, 9382-9391.<\/li><br>\n<li>Manisha Samanta, Subhajit Roychowdhury, Jay Ghatak, Suresh Perumal, Kanishka Biswas, Ultrahigh Average Thermoelectric Figure of Merit, Low Lattice Thermal Conductivity and Enhanced Micro-hardness in Nanostructured (GeTe)<sub>x<\/sub>(AgSbSe<sub>2<\/sub>)<sub>100-x<\/sub>, <span style=\"color: #008000;\"><em>Chem. Eur. J<\/em><\/span>, 2017, 23, 7438-7443.<\/li><br>\n<li>Satya N. Guin, Swastika Banerjee, Dirtha Sanyal, Swapan K. Pati, Kanishka Biswas, Nanoscale and Stabilization of Non-equilibrium Rock Salt BiAgSeS: Colloidal Synthesis and Temperature Driven Unusual Phase Transition, <span style=\"color: #008000;\"><em>Chem. Mater.<\/em><\/span>, 2017, 29, 3769-3777.<\/li><br>\n<li>Bhuvanesh Srinivasan, Catherine Boussard-Pl\u00e9de, Vincent Dorcet, Manisha Samanta, Kanishka Biswas, Robin Lef\u00e8vre, Franck Gascoin, Fran\u00e7ois Chevir\u00e9, Sylvain Tricot, Michael Reece and Bruno Bureau, Thermoelectric Properties of Highly-Crystallized Ge-Te-Se Glasses Doped with Cu\/Bi, <span style=\"color: #008000;\"><em>Materials<\/em><\/span>, 2017, 10, 328-342.<\/li><br>\n<li>Ekashmi Rathore, Provas Pal, Kanishka Biswas, Layered Metal Chalcophosphate (K-MPS-1) for Efficient, Selective and ppb Level Sequestration of Pb from Water, <span style=\"color: #008000;\"><em>J. Phys. Chem. C<\/em><\/span>, 2017, 121, 7959-7966.<\/li><br>\n<li>Manoj K. Jana, Koushik Pal, Avinash Warankar, Pankaj Mandal, Umesh V Waghmare, Kanishka Biswas, Intrinsic rattler-induced low thermal conductivity in zintl type TlInTe<sub>2<\/sub>, <span style=\"color: #008000;\"><em>J. Am. Chem. Soc.<\/em><\/span>, 2017, 139, 4350-4353.<\/li><br>\n<li>Subhajit Roychowdhury, Sandhya Shenoy, Umesh V Waghmare, Kanishka Biswas, Enhanced Seebeck coefficient and high thermoelectric performance in p-type In and Mg co-doped Sn<sub>1-x<\/sub>Pb<sub>x<\/sub>Te via co-adjuvant effect of resonance level and heavy hole valence band, <span style=\"color: #008000;\"><em>J. Mater. Chem. C<\/em><\/span>, 2017, 5, 5737-5748.<\/li><br>\n<li>Subhajit Roychowdhury, Rajarshi Panigrahi, Suresh Perumal, and Kanishka Biswas, Ultrahigh Thermoelectric Figure of Merit and Enhanced Mechanical Stability of p-type AgSb<sub>1-x<\/sub>Zn<sub>x<\/sub>Te<sub>2<\/sub>, <span style=\"color: #008000;\"><em>ACS Energy Lett.<\/em><\/span>, 2017, 2, 349\u2013356.<\/li><br>\n<li>Manisha Samanta, Satya N. Guin, and Kanishka Biswas, Ultrathin few layer oxychalcogenide BiCuSeO nanosheets, <span style=\"color: #008000;\"><em>Inorg. Chem. Front.<\/em><\/span>, 2017, 4, 84-90.<\/li><br>\n<li>Santanu Maiti, Milan K. Sanyal, Manoj Jana, Benjamin Runge, Bridget Murphy, Kanishka Biswas, Chintamani Rao, Evidence of contact-epitaxy in the self-assembly of HgSe nanocrystals formed at a liquid-liquid interface, <span style=\"color: #008000;\"><em>J. Phys. Condens. Matter<\/em><\/span>, 2017, 29, 095101.<\/li><br>\n<\/ol>\n\t\t\t\t\t\t<\/div>\n\t\t\t\t<\/div>\n\t\t\t\t<\/div>\n\t\t\t\t\t<\/div>\n\t\t\t\t<\/div>\n\t\t\t\t<\/div>\n\t\t","protected":false},"excerpt":{"rendered":"<p>Previous slide Next slide Year 2017 Suresh Perumal, Pavithra Bellare, U Sandhya Shenoy, Umesh V Waghmare, Kanishka Biswas, Low Thermal Conductivity and High Thermoelectric Performance in Sb and Bi co-doped GeTe: Complementary Effect of Band Convergence and Nanostructuring, Chem. Mater., 2017, 29, 10426-10435. Ananya Banik, Kanishka Biswas, Synthetic Nanosheets of Natural van der Waals Heterostructures, [&hellip;]<\/p>\n","protected":false},"author":1,"featured_media":0,"parent":0,"menu_order":0,"comment_status":"closed","ping_status":"closed","template":"elementor_header_footer","meta":{"footnotes":""},"class_list":["post-1561","page","type-page","status-publish","hentry"],"_links":{"self":[{"href":"https:\/\/faculty.jncasr.ac.in\/kanishka\/wp-json\/wp\/v2\/pages\/1561","targetHints":{"allow":["GET"]}}],"collection":[{"href":"https:\/\/faculty.jncasr.ac.in\/kanishka\/wp-json\/wp\/v2\/pages"}],"about":[{"href":"https:\/\/faculty.jncasr.ac.in\/kanishka\/wp-json\/wp\/v2\/types\/page"}],"author":[{"embeddable":true,"href":"https:\/\/faculty.jncasr.ac.in\/kanishka\/wp-json\/wp\/v2\/users\/1"}],"replies":[{"embeddable":true,"href":"https:\/\/faculty.jncasr.ac.in\/kanishka\/wp-json\/wp\/v2\/comments?post=1561"}],"version-history":[{"count":0,"href":"https:\/\/faculty.jncasr.ac.in\/kanishka\/wp-json\/wp\/v2\/pages\/1561\/revisions"}],"wp:attachment":[{"href":"https:\/\/faculty.jncasr.ac.in\/kanishka\/wp-json\/wp\/v2\/media?parent=1561"}],"curies":[{"name":"wp","href":"https:\/\/api.w.org\/{rel}","templated":true}]}}